{"id":2169,"date":"2021-03-29T13:20:25","date_gmt":"2021-03-29T11:20:25","guid":{"rendered":"https:\/\/www.bodegaeduardopenha.es\/nw\/?page_id=2169"},"modified":"2021-12-18T01:09:14","modified_gmt":"2021-12-18T00:09:14","slug":"la-bodega","status":"publish","type":"page","link":"https:\/\/www.bodegaeduardopenha.es\/nw\/la-bodega\/","title":{"rendered":"LA BODEGA"},"content":{"rendered":"<p>[et_pb_section fb_built=\u00bb1&#8243; _builder_version=\u00bb3.22&#8243; background_color=\u00bb#6b6b6b\u00bb background_image=\u00bbhttps:\/\/www.bodegaeduardopenha.es\/nw\/wp-content\/uploads\/2021\/04\/MG_1284-scaled.jpg\u00bb background_blend=\u00bboverlay\u00bb max_width_tablet=\u00bb\u00bb max_width_phone=\u00bb100%\u00bb max_width_last_edited=\u00bbon|phone\u00bb custom_margin_tablet=\u00bb\u00bb custom_margin_phone=\u00bb\u00bb custom_margin_last_edited=\u00bbon|desktop\u00bb global_colors_info=\u00bb{}\u00bb][et_pb_row _builder_version=\u00bb3.25&#8243; module_alignment=\u00bbcenter\u00bb custom_margin=\u00bb42px|||237px\u00bb custom_margin_tablet=\u00bb|||38px\u00bb custom_margin_phone=\u00bb-14px|0px||45px\u00bb custom_margin_last_edited=\u00bbon|phone\u00bb custom_padding=\u00bb|0px||0px\u00bb global_colors_info=\u00bb{}\u00bb][et_pb_column type=\u00bb4_4&#8243; _builder_version=\u00bb3.25&#8243; custom_padding=\u00bb|||\u00bb global_colors_info=\u00bb{}\u00bb custom_padding__hover=\u00bb|||\u00bb][et_pb_text _builder_version=\u00bb3.27.4&#8243; text_font=\u00bb||||||||\u00bb header_font=\u00bbRoboto||||||||\u00bb header_text_align=\u00bbcenter\u00bb header_text_color=\u00bb#ffffff\u00bb header_font_size=\u00bb95px\u00bb custom_margin_tablet=\u00bb\u00bb custom_margin_phone=\u00bb65px||\u00bb custom_margin_last_edited=\u00bbon|phone\u00bb header_font_size_tablet=\u00bb\u00bb header_font_size_phone=\u00bb55px\u00bb header_font_size_last_edited=\u00bbon|phone\u00bb global_colors_info=\u00bb{}\u00bb]<\/p>\n<h1 style=\"text-align: left;\"><strong><span style=\"color: #ffffff;\"><img decoding=\"async\" src=\"https:\/\/www.bodegaeduardopenha.es\/nw\/wp-content\/uploads\/2021\/04\/linea_blanca.png\" alt=\"\" class=\"wp-image-536 alignnone size-full\" width=\"39\" height=\"7\" \/><\/span><\/strong><\/h1>\n<h1 style=\"text-align: left;\"><span style=\"color: #ffffff;\"><\/span><span style=\"color: #ffffff;\">LA BODEGA<\/span><\/h1>\n<p>[\/et_pb_text][\/et_pb_column][\/et_pb_row][\/et_pb_section][et_pb_section fb_built=\u00bb1&#8243; _builder_version=\u00bb3.22&#8243; global_colors_info=\u00bb{}\u00bb][et_pb_row column_structure=\u00bb1_2,1_2&#8243; _builder_version=\u00bb3.25&#8243; max_width=\u00bb1724px\u00bb use_custom_width=\u00bbon\u00bb custom_width_px=\u00bb1724px\u00bb global_colors_info=\u00bb{}\u00bb][et_pb_column type=\u00bb1_2&#8243; _builder_version=\u00bb3.25&#8243; custom_padding=\u00bb|||\u00bb global_colors_info=\u00bb{}\u00bb custom_padding__hover=\u00bb|||\u00bb][et_pb_image src=\u00bbhttps:\/\/www.bodegaeduardopenha.es\/nw\/wp-content\/uploads\/2021\/04\/MG_1326-scaled.jpg\u00bb align_tablet=\u00bbcenter\u00bb align_phone=\u00bb\u00bb align_last_edited=\u00bbon|desktop\u00bb _builder_version=\u00bb3.23&#8243; global_colors_info=\u00bb{}\u00bb][\/et_pb_image][\/et_pb_column][et_pb_column type=\u00bb1_2&#8243; _builder_version=\u00bb3.25&#8243; custom_padding=\u00bb|||\u00bb global_colors_info=\u00bb{}\u00bb custom_padding__hover=\u00bb|||\u00bb][et_pb_text _builder_version=\u00bb3.27.4&#8243; text_font=\u00bbRoboto|300|||||||\u00bb text_text_color=\u00bb#6b6b6b\u00bb text_font_size=\u00bb20px\u00bb header_font=\u00bbTimes New Roman||||||||\u00bb header_text_color=\u00bb#000000&#8243; inline_fonts=\u00bbTimes New Roman,Roboto\u00bb global_colors_info=\u00bb{}\u00bb]<\/p>\n<h1><strong><span style=\"font-family: Roboto;\">EDIFICACI\u00d3N<\/span><\/strong><\/h1>\n<p><span style=\"font-family: Times New Roman;\"><\/span><\/p>\n<p style=\"margin-top: -15px;\">La soluci\u00f3n propuesta se basa en la idea de ocultar en la medida de lo posible la pieza donde se elaboran los caldos mediante su incorporaci\u00f3n al terreno aprovechando el desnivel de la vi\u00f1a. Este hecho tiene la cualidad de preservar la pieza de los cambios de temperatura exterior. El ambiente enterrado permanece a temperatura constante de 14\u00ba y 15\u00ba en verano o invierno respectivamente. La bodega horada al monte y al final busca el aire con una chimenea vertical, una corriente de aire continua y graduable a voluntad, a trav\u00e9s de la construcci\u00f3n bajo el terreno, que evita el uso de medios mec\u00e1nicos y mantiene unas condiciones \u00f3ptimas para la elaboraci\u00f3n del vino, con la consiguiente optimizaci\u00f3n energ\u00e9tica. Es un acercamiento a la manera tradicional de construir la bodega.<br \/>La finca tiene actualmente m\u00e1s de 10 hect\u00e1reas, a 250 m. de altitud en suave pendiente y orientaci\u00f3n oeste con un terreno pedregoso, arenoso, de pizarra y piedra, en suave pendiente hacia el embalse de Castrelo de Mi\u00f1o, dispone de vi\u00f1edos en l\u00edneas paralelas y ordenadas en busca del sol.<\/p>\n<p>[\/et_pb_text][\/et_pb_column][\/et_pb_row][et_pb_row column_structure=\u00bb1_2,1_2&#8243; _builder_version=\u00bb3.25&#8243; max_width=\u00bb1724px\u00bb use_custom_width=\u00bbon\u00bb custom_width_px=\u00bb1724px\u00bb global_colors_info=\u00bb{}\u00bb][et_pb_column type=\u00bb1_2&#8243; _builder_version=\u00bb3.25&#8243; custom_padding=\u00bb|||\u00bb global_colors_info=\u00bb{}\u00bb custom_padding__hover=\u00bb|||\u00bb][et_pb_image src=\u00bbhttps:\/\/www.bodegaeduardopenha.es\/nw\/wp-content\/uploads\/2021\/04\/foto17.jpg\u00bb align_tablet=\u00bbcenter\u00bb align_phone=\u00bb\u00bb align_last_edited=\u00bbon|desktop\u00bb _builder_version=\u00bb3.23&#8243; global_colors_info=\u00bb{}\u00bb][\/et_pb_image][\/et_pb_column][et_pb_column type=\u00bb1_2&#8243; _builder_version=\u00bb3.25&#8243; custom_padding=\u00bb|||\u00bb global_colors_info=\u00bb{}\u00bb custom_padding__hover=\u00bb|||\u00bb][et_pb_text _builder_version=\u00bb3.27.4&#8243; text_font=\u00bbRoboto|300|||||||\u00bb text_text_color=\u00bb#6b6b6b\u00bb text_font_size=\u00bb20px\u00bb header_font=\u00bbTimes New Roman||||||||\u00bb header_text_color=\u00bb#000000&#8243; inline_fonts=\u00bbTimes New Roman,Roboto\u00bb global_colors_info=\u00bb{}\u00bb]<\/p>\n<h1><strong><span style=\"font-family: Roboto;\">VI\u00d1EDO<\/span><\/strong><\/h1>\n<p><span style=\"font-family: Times New Roman; font-weight: normal;\"><\/span><\/p>\n<p style=\"margin-top: -15px;\"><strong> Situaci\u00f3n:<\/strong> Lugar de Barral &#8211; Castrelo de Mi\u00f1o. Plantaci\u00f3n propia de 10 ha. en espaldera a doble cord\u00f3n a 250 m. de altitud en suave pendiente y orientaci\u00f3n oeste, en la parte occidental de la provincia de Ourense, marcada por el paso del Mi\u00f1o y sus afluentes.<\/p>\n<p><strong>Suelo: <\/strong>Arenoso, pizarra y piedra.<\/p>\n<p><strong>Clima: <\/strong>Suave de influencia atl\u00e1ntica con temperaturas bajas en invierno y altas durante los meses de veranos, las precipitaciones oscilan entre 800 y 1000 mm anuales.<\/p>\n<p><strong>Variedades blancas:<\/strong> Treixadura, Albari\u00f1o, Godello, Lado y Loureira (aut\u00f3ctonas).<\/p>\n<p><strong>Variedades tintas:<\/strong> Cai\u00f1o, Sous\u00f3n y Brancellao (aut\u00f3ctonas).<\/p>\n<p><strong>Marco de Plantaci\u00f3n:<\/strong> 1 x 2,25.<\/p>\n<p><strong>Rendimientos: <\/strong>Control mediante poda en verde y aclareo de racimos.<\/p>\n<p><strong>Blanco:<\/strong> 6.000 a 8.000 kgr.\/ha<\/p>\n<p><strong>Tinto:<\/strong> 3.000 a 5.000 kgr.\/ha<\/p>\n<p>[\/et_pb_text][\/et_pb_column][\/et_pb_row][et_pb_row column_structure=\u00bb1_2,1_2&#8243; _builder_version=\u00bb3.25&#8243; max_width=\u00bb1724px\u00bb use_custom_width=\u00bbon\u00bb custom_width_px=\u00bb1724px\u00bb global_colors_info=\u00bb{}\u00bb][et_pb_column type=\u00bb1_2&#8243; _builder_version=\u00bb3.25&#8243; custom_padding=\u00bb|||\u00bb global_colors_info=\u00bb{}\u00bb custom_padding__hover=\u00bb|||\u00bb][et_pb_image src=\u00bbhttps:\/\/www.bodegaeduardopenha.es\/nw\/wp-content\/uploads\/2021\/04\/foto30.jpg\u00bb align_tablet=\u00bbcenter\u00bb align_phone=\u00bb\u00bb align_last_edited=\u00bbon|desktop\u00bb _builder_version=\u00bb3.23&#8243; global_colors_info=\u00bb{}\u00bb][\/et_pb_image][\/et_pb_column][et_pb_column type=\u00bb1_2&#8243; _builder_version=\u00bb3.25&#8243; custom_padding=\u00bb|||\u00bb global_colors_info=\u00bb{}\u00bb custom_padding__hover=\u00bb|||\u00bb][et_pb_text _builder_version=\u00bb3.27.4&#8243; text_font=\u00bbRoboto|300|||||||\u00bb text_text_color=\u00bb#6b6b6b\u00bb text_font_size=\u00bb20px\u00bb header_font=\u00bbRoboto||||||||\u00bb header_text_color=\u00bb#000000&#8243; inline_fonts=\u00bbTimes New Roman,Roboto\u00bb global_colors_info=\u00bb{}\u00bb]<\/p>\n<h1><strong><span style=\"font-family: Roboto;\">EL VINO<\/span><\/strong><\/h1>\n<p><span style=\"font-family: Times New Roman;\"><\/span><\/p>\n<p style=\"margin-top: -15px;\">La elaboraci\u00f3n de nuestros vinos se realizar\u00e1 siempre buscando la m\u00e1xima expresi\u00f3n varietal de nuestros vi\u00f1edos, trabajando cada variedad por separado y en su momento \u00f3ptimo de maduraci\u00f3n, intentando extraer de sus hollejos todo su material TERP\u00c9NICO y de expresi\u00f3n del terru\u00f1o. Para ello consideramos que la congelaci\u00f3n de la piel con nive carb\u00f3nica nos permite romperla en infinidad de microcristales antes de un suave estrujado y macer\u00e1ndola durante unas horas para que todo el material tep\u00e9nico y varietal sea cedido a nuestros mostos.<\/p>\n<p>Tambi\u00e9n consideramos importante trabajar las l\u00edas antes de fermentar, formando as\u00ed otro tipo de aromas denominados TIOLES, consiguiendo una mayor complejidad arom\u00e1tica y, sobre todo, una buena estructura grasa, mayor densidad y volumen en boca, equilibrando y potenciando todas sus sensaciones gustativas.<\/p>\n<p>No nos olvidamos tampoco de la formaci\u00f3n de \u00e9steres durante su fermentaci\u00f3n controlando su temperatura, regulando as\u00ed su consumo de az\u00facar de forma lenta y homog\u00e9nea. Y por \u00faltimo, la fermentaci\u00f3n de parte de nuestros mostos en barricas de robles europeos, suaves y de grano medio y, durante un tiempo limitado de forma que no aporte demasiados aromas bals\u00e1micos y eng\u00f3genos y s\u00ed permita una suave microoxigenaci\u00f3n de nuestros vinos para redondearlos, equilibrarlos y llevarlos a la botella en las mejores condiciones.<\/p>\n<p>[\/et_pb_text][\/et_pb_column][\/et_pb_row][\/et_pb_section][et_pb_section fb_built=\u00bb1&#8243; _builder_version=\u00bb3.22&#8243; background_color=\u00bbrgba(56,56,56,0.1)\u00bb global_colors_info=\u00bb{}\u00bb][et_pb_row _builder_version=\u00bb3.25&#8243; max_width=\u00bb1721px\u00bb use_custom_width=\u00bbon\u00bb custom_width_px=\u00bb1721px\u00bb global_colors_info=\u00bb{}\u00bb][et_pb_column type=\u00bb4_4&#8243; _builder_version=\u00bb3.25&#8243; custom_padding=\u00bb|||\u00bb global_colors_info=\u00bb{}\u00bb custom_padding__hover=\u00bb|||\u00bb][et_pb_gallery gallery_ids=\u00bb2853,2852,2851,2848,2828,3730,3740,3739,3738,3737,2845,2850,2843&#8243; posts_number=\u00bb13&#8243; show_title_and_caption=\u00bboff\u00bb show_pagination=\u00bboff\u00bb zoom_icon_color=\u00bb#ffffff\u00bb hover_overlay_color=\u00bbrgba(0,0,0,0)\u00bb hover_icon=\u00bb%%51%%\u00bb _builder_version=\u00bb3.19.11&#8243; caption_font=\u00bb||||||||\u00bb caption_font_size=\u00bb0px\u00bb caption_line_height=\u00bb0px\u00bb pagination_font=\u00bb||||||||\u00bb pagination_font_size=\u00bb0px\u00bb pagination_line_height=\u00bb0em\u00bb box_shadow_style_image=\u00bbpreset6&#8243; global_colors_info=\u00bb{}\u00bb][\/et_pb_gallery][\/et_pb_column][\/et_pb_row][\/et_pb_section][et_pb_section fb_built=\u00bb1&#8243; _builder_version=\u00bb4.10.6&#8243; background_color=\u00bbrgba(175,175,175,0)\u00bb background_image=\u00bbhttps:\/\/www.bodegaeduardopenha.es\/nw\/wp-content\/uploads\/2021\/03\/foto23.jpg\u00bb background_blend=\u00bboverlay\u00bb global_colors_info=\u00bb{}\u00bb][et_pb_row _builder_version=\u00bb3.25&#8243; background_size=\u00bbinitial\u00bb background_position=\u00bbtop_left\u00bb background_repeat=\u00bbrepeat\u00bb global_colors_info=\u00bb{}\u00bb][et_pb_column type=\u00bb4_4&#8243; _builder_version=\u00bb3.25&#8243; custom_padding=\u00bb|||\u00bb global_colors_info=\u00bb{}\u00bb custom_padding__hover=\u00bb|||\u00bb][et_pb_text _builder_version=\u00bb3.27.4&#8243; text_font=\u00bbRoboto||||||||\u00bb text_text_color=\u00bb#ffffff\u00bb text_line_height=\u00bb1.6em\u00bb background_layout=\u00bbdark\u00bb text_font_size_tablet=\u00bb\u00bb text_font_size_phone=\u00bb10px\u00bb text_font_size_last_edited=\u00bbon|phone\u00bb global_colors_info=\u00bb{}\u00bb]<\/p>\n<p style=\"text-align: center;\"><span style=\"color: #ffffff;\"><strong><a style=\"color: #ffffff;\" href=\"https:\/\/www.bodegaeduardopenha.es\/nw\/\">INICIO<\/a>\u00a0\u00a0\u00a0 \u00a0 <a style=\"color: #ffffff;\" href=\"https:\/\/www.bodegaeduardopenha.es\/nw\/la-bodega?page_id=2169\">LA BODEGA<\/a> \u00a0 \u00a0\u00a0 <a style=\"color: #ffffff;\" href=\"https:\/\/www.bodegaeduardopenha.es\/nw\/el-vino\/?page_id=2159\">EL VINO<\/a> \u00a0 \u00a0\u00a0 <a style=\"color: #ffffff;\" href=\"https:\/\/www.bodegaeduardopenha.es\/nw\/premios\/?page_id=2471\">PREMIOS<\/a> \u00a0 \u00a0\u00a0 <a style=\"color: #ffffff;\" href=\"https:\/\/www.bodegaeduardopenha.es\/nw\/actualidad\/?page_id=2494\">ACTUALIDAD<\/a><\/strong><\/span><\/p>\n<p>[\/et_pb_text][\/et_pb_column][\/et_pb_row][et_pb_row _builder_version=\u00bb3.25&#8243; global_colors_info=\u00bb{}\u00bb][et_pb_column type=\u00bb4_4&#8243; _builder_version=\u00bb3.25&#8243; custom_padding=\u00bb|||\u00bb global_colors_info=\u00bb{}\u00bb custom_padding__hover=\u00bb|||\u00bb][et_pb_social_media_follow _builder_version=\u00bb3.19.11&#8243; text_orientation=\u00bbcenter\u00bb global_colors_info=\u00bb{}\u00bb][et_pb_social_media_follow_network social_network=\u00bbfacebook\u00bb url=\u00bbhttps:\/\/www.facebook.com\/pages\/Bodega-Eduardo-Pe%C3%B1a\/288417435162466?fref=mentions\u00bb _builder_version=\u00bb3.19.11&#8243; global_colors_info=\u00bb{}\u00bb follow_button=\u00bboff\u00bb url_new_window=\u00bbon\u00bb]facebook<br \/>\n[\/et_pb_social_media_follow_network][et_pb_social_media_follow_network social_network=\u00bbinstagram\u00bb url=\u00bbhttps:\/\/www.instagram.com\/bodegaeduardopenha\/\u00bb _builder_version=\u00bb3.19.11&#8243; global_colors_info=\u00bb{}\u00bb follow_button=\u00bboff\u00bb url_new_window=\u00bbon\u00bb]instagram<br \/>\n[\/et_pb_social_media_follow_network][\/et_pb_social_media_follow][et_pb_text _builder_version=\u00bb3.27.4&#8243; text_font=\u00bbRoboto||||||||\u00bb text_line_height=\u00bb1.6em\u00bb background_layout=\u00bbdark\u00bb text_font_size_tablet=\u00bb\u00bb text_font_size_phone=\u00bb10px\u00bb text_font_size_last_edited=\u00bbon|phone\u00bb global_colors_info=\u00bb{}\u00bb]<\/p>\n<p style=\"text-align: center;\"><span style=\"color: #ffffff;\"><strong><a style=\"color: #ffffff;\" href=\"https:\/\/www.bodegaeduardopenha.es\/nw\/aviso-legal\/\">Aviso legal<\/a><\/strong><\/span><\/p>\n<p>[\/et_pb_text][\/et_pb_column][\/et_pb_row][\/et_pb_section]<\/p>\n","protected":false},"excerpt":{"rendered":"<p>LA BODEGAEDIFICACI\u00d3N La soluci\u00f3n propuesta se basa en la idea de ocultar en la medida de lo posible la pieza donde se elaboran los caldos mediante su incorporaci\u00f3n al terreno aprovechando el desnivel de la vi\u00f1a. Este hecho tiene la cualidad de preservar la pieza de los cambios de temperatura exterior. El ambiente enterrado permanece [&hellip;]<\/p>\n","protected":false},"author":1,"featured_media":0,"parent":0,"menu_order":0,"comment_status":"closed","ping_status":"closed","template":"","meta":{"_et_pb_use_builder":"on","_et_pb_old_content":"<!-- wp:heading -->\n<h2>EDIFICACION<\/h2>\n<!-- \/wp:heading -->\n\n<!-- wp:paragraph -->\n<p>La soluci\u00f3n propuesta se basa en la idea de ocultar en lo posible la pieza donde se elaboran los caldos mediante su incorporaci\u00f3n al terreno aprovechando el desnivel de la vi\u00f1a. Este hecho tiene la cualidad de preservar la pieza de los cambios de temperatura exterior. El ambiente enterrado permanece a temperatura constante de 14\u00ba y 15\u00ba en invierno o verano respectivamente. La bodega horada al monte y al final busca el aire con una chimenea vertical, una corriente de aire continua y graduable a voluntad, a trav\u00e9s de conducciones bajo el terreno, que evita el uso de medios mec\u00e1nicos y mantiene unas condiciones \u00f3ptimas para la elaboraci\u00f3n del vino, con la consiguiente optimizaci\u00f3n energ\u00e9tica. Es un acercamiento a la manera tradicional de construir la bodega.<\/p>\n<!-- \/wp:paragraph -->\n\n<!-- wp:heading -->\n<h2>VI\u00d1EDO<\/h2>\n<!-- \/wp:heading -->\n\n<!-- wp:paragraph -->\n<p><strong>Situaci\u00f3n:<\/strong> Lugar de Barral - Castrelo de Mi\u00f1o. Plantaci\u00f3n propia de 7 ha. en espaldera a doble cord\u00f3n a 250 m. de altitud en suave pendiente y orientaci\u00f3n oeste, en la parte occidental de la provincia de Ourense, marcada por el paso del Mi\u00f1o y sus afluentes.<br><br><strong>Suelo: <\/strong>Arenoso, pizarra y piedra.<br><br><strong>Clima: <\/strong>Suave de influencia atl\u00e1ntica con temperaturas bajas en invierno y altas durante los meses de veranos, las precipitaciones oscilan entre 800 y 1000 mm anuales.<br><br><strong>Variedades blancas:<\/strong> Treixadura, Albari\u00f1o, Godello, Lado y Loureira (aut\u00f3ctonas).<br><br><strong>Variedades tintas:<\/strong> Cai\u00f1o, Sous\u00f3n y Brancellao (aut\u00f3ctonas).<br><br><strong>Marco de Plantaci\u00f3n:<\/strong> 1 x 2,25.<br><br><strong>Rendimientos: <\/strong>Control mediante poda en verde y aclareo de racimos.<br><br><strong>Blanco:<\/strong> 6.000 a 8.000 kgr.\/ha<br><br><strong>Tinto:<\/strong> 3.000 a 5.000 kgr.\/ha<\/p>\n<!-- \/wp:paragraph -->\n\n<!-- wp:heading -->\n<h2>EL VINO<\/h2>\n<!-- \/wp:heading -->\n\n<!-- wp:paragraph -->\n<p>La elaboraci\u00f3n de nuestros vinos se realizar\u00e1 siempre buscando la m\u00e1xima expresi\u00f3n varietal de nuestros vi\u00f1edos, trabajando cada variedad por separado y en su momento \u00f3ptimo de maduraci\u00f3n, intentando extraer de sus hollejos todo su material TERP\u00c9NICO y de expresi\u00f3n del terru\u00f1o. Para ello consideramos que la congelaci\u00f3n de la piel con nive carb\u00f3nica nos permite romperla en infinidadde microcristales antes de un suave estrujado y macer\u00e1ndola durante unas horas para que todo el material tep\u00e9nico y varietal sea cedido a nuestros mostos.<\/p>\n<!-- \/wp:paragraph -->\n\n<!-- wp:paragraph -->\n<p>Tambi\u00e9n consideramos importante trabajar las lias antes de fermentar, formando as\u00ed otro tipo de aromas denominados TIOLES, consiguiendo una mayor complejidad arom\u00e1tica y, sobre todo, una buena estructura grasa, mayor densidad y volumen en boca, equilibrando y potenciando todas sus sensaciones gustativas.<\/p>\n<!-- \/wp:paragraph -->\n\n<!-- wp:paragraph -->\n<p>No nos olvidamos tampoco de la formaci\u00f3n de esteres durante su fermentaci\u00f3n controlando su temperatura, regulando as\u00ed su consumo de az\u00facar de forma lenta y homog\u00e9nea. Y por \u00faltimo, la fermentaci\u00f3n de parte de nuestros mostos en barricas de robles europeos, suaves y de grano medio y, durante un tiempo limitado de forma que no aporte demasiados aromas bals\u00e1micos y eng\u00f3genos y s\u00ed permita una suave microoxigenaci\u00f3n de nuestros vinos para redondearlos, equilibrarlos y llevarlos a la botella en las mejores condicion<\/p>\n<!-- \/wp:paragraph -->","_et_gb_content_width":"","footnotes":""},"class_list":["post-2169","page","type-page","status-publish","hentry"],"_links":{"self":[{"href":"https:\/\/www.bodegaeduardopenha.es\/nw\/wp-json\/wp\/v2\/pages\/2169","targetHints":{"allow":["GET"]}}],"collection":[{"href":"https:\/\/www.bodegaeduardopenha.es\/nw\/wp-json\/wp\/v2\/pages"}],"about":[{"href":"https:\/\/www.bodegaeduardopenha.es\/nw\/wp-json\/wp\/v2\/types\/page"}],"author":[{"embeddable":true,"href":"https:\/\/www.bodegaeduardopenha.es\/nw\/wp-json\/wp\/v2\/users\/1"}],"replies":[{"embeddable":true,"href":"https:\/\/www.bodegaeduardopenha.es\/nw\/wp-json\/wp\/v2\/comments?post=2169"}],"version-history":[{"count":1,"href":"https:\/\/www.bodegaeduardopenha.es\/nw\/wp-json\/wp\/v2\/pages\/2169\/revisions"}],"predecessor-version":[{"id":4416,"href":"https:\/\/www.bodegaeduardopenha.es\/nw\/wp-json\/wp\/v2\/pages\/2169\/revisions\/4416"}],"wp:attachment":[{"href":"https:\/\/www.bodegaeduardopenha.es\/nw\/wp-json\/wp\/v2\/media?parent=2169"}],"curies":[{"name":"wp","href":"https:\/\/api.w.org\/{rel}","templated":true}]}}