{"id":2468,"date":"2021-04-14T13:09:57","date_gmt":"2021-04-14T11:09:57","guid":{"rendered":"https:\/\/www.bodegaeduardopenha.es\/nw\/?page_id=2468"},"modified":"2021-04-30T10:05:37","modified_gmt":"2021-04-30T08:05:37","slug":"aviso-legal","status":"publish","type":"page","link":"https:\/\/www.bodegaeduardopenha.es\/nw\/aviso-legal\/","title":{"rendered":"Aviso Legal."},"content":{"rendered":"<p>[et_pb_section fb_built=\u00bb1&#8243; _builder_version=\u00bb3.19.11&#8243; background_color=\u00bb#444444&#8243; background_image=\u00bbhttps:\/\/www.bodegaeduardopenha.es\/nw\/wp-content\/uploads\/2021\/04\/IMG_20210317_123536-scaled.jpg\u00bb background_blend=\u00bboverlay\u00bb][et_pb_row _builder_version=\u00bb3.19.11&#8243;][et_pb_column type=\u00bb4_4&#8243; _builder_version=\u00bb3.19.11&#8243; parallax=\u00bboff\u00bb parallax_method=\u00bbon\u00bb][et_pb_text _builder_version=\u00bb3.19.11&#8243; text_font=\u00bbRoboto||||||||\u00bb text_text_color=\u00bb#ffffff\u00bb text_font_size=\u00bb16px\u00bb header_font=\u00bbRoboto||||||||\u00bb header_text_color=\u00bb#ffffff\u00bb text_orientation=\u00bbjustified\u00bb background_layout=\u00bbdark\u00bb]<\/p>\n<p>AVISO LEGAL<br \/>Bodega Eduardo Pe\u00f1a ofrece, con car\u00e1cter gratuito, a los Usuarios de Internet el acceso a informaci\u00f3n y contenidos de sus webs a trav\u00e9s de su exhibici\u00f3n directa o mediante enlaces (links).<\/p>\n<p>Bodega Eduardo Pe\u00f1a no se responsabiliza del mal uso que por parte de los Usuarios de Internet realicen de la informaci\u00f3n o contenidos de las p\u00e1ginas web, siendo exclusiva responsabilidad de la persona que accede a ellos o los utilice.<\/p>\n<p>Bodega Eduardo Pe\u00f1a no asume responsabilidad alguna por la informaci\u00f3n contenida en p\u00e1ginas web de terceros a las que el Usuario de Internet pueda acceder por enlaces (links) en las p\u00e1ginas web. La presencia de enlaces (links) en las p\u00e1ginas web tiene finalidad meramente informativa y en ning\u00fan caso supone sugerencia, invitaci\u00f3n o recomendaci\u00f3n sobre los mismos.<\/p>\n<p>Bodega Eduardo Pe\u00f1a no garantiza, de ning\u00fan modo, las condiciones y\/o correcta prestaci\u00f3n de los productos o servicios ofertados a los Usuarios de Internet por terceros ajenos a Bodega Eduardo Pe\u00f1a a los que se puede acceder mediante enlaces (links) establecidas en las p\u00e1ginas web.<\/p>\n<p>Asimismo, Bodega Eduardo Pe\u00f1a no se responsabiliza del cumplimiento por estos terceros de la normativa vigente en nuestro ordenamiento jur\u00eddico y, en especial, de la relativa a protecci\u00f3n de datos de car\u00e1cter personal y comercio electr\u00f3nico.<\/p>\n<p>Los Derechos de propiedad intelectual del contenido de las p\u00e1ginas web, su dise\u00f1o gr\u00e1fico y c\u00f3digos son titularidad de Bodega Eduardo Pe\u00f1a y, por tanto, queda prohibida su reproducci\u00f3n, distribuci\u00f3n, comunicaci\u00f3n p\u00fablica, y transformaci\u00f3n, salvo para uso personal y privado.<\/p>\n<p>Igualmente, todos los nombres comerciales, marcas o signos distintivos de cualquier clase contenidos en las p\u00e1ginas web est\u00e1n protegidos por Ley.<\/p>\n<p>Bodega Eduardo Pe\u00f1a no ser\u00e1 responsable de posibles da\u00f1os o perjuicios que se pudieran derivar de interferencias omisiones, interrupciones, virus inform\u00e1ticos, aver\u00edas telef\u00f3nicas o desconexiones en el funcionamiento operativo de este sistema electr\u00f3nico, motivadas por causas ajenas de retrasos o bloqueos en el uso del presente sistema electr\u00f3nico causados por deficiencias o sobrecargas de l\u00edneas telef\u00f3nicas o sobrecargas en el Centro de Proceso de Datos de Bodega Eduardo Pe\u00f1a , en el sistema de Internet o en otros sistemas electr\u00f3nicos, as\u00ed como de da\u00f1os que puedan ser causados por terceras personas mediante intromisiones ileg\u00edtimas fuera del control de enyiris.<\/p>\n<p>Asimismo, se exonera a Bodega Eduardo Pe\u00f1a de responsabilidad ante cualquier da\u00f1o o perjuicio que pudiera sufrir el Usuario de Internet como consecuencia de errores, defectos u omisiones, en la informaci\u00f3n facilitada por Bodega Eduardo Pe\u00f1a siempre que proceda de fuentes ajenas.<\/p>\n<p>Reservados todos los derechos.<\/p>\n<p>[\/et_pb_text][\/et_pb_column][\/et_pb_row][\/et_pb_section]<\/p>\n","protected":false},"excerpt":{"rendered":"<p>AVISO LEGALBodega Eduardo Pe\u00f1a ofrece, con car\u00e1cter gratuito, a los Usuarios de Internet el acceso a informaci\u00f3n y contenidos de sus webs a trav\u00e9s de su exhibici\u00f3n directa o mediante enlaces (links). Bodega Eduardo Pe\u00f1a no se responsabiliza del mal uso que por parte de los Usuarios de Internet realicen de la informaci\u00f3n o contenidos [&hellip;]<\/p>\n","protected":false},"author":1,"featured_media":0,"parent":0,"menu_order":0,"comment_status":"closed","ping_status":"closed","template":"","meta":{"_et_pb_use_builder":"on","_et_pb_old_content":"","_et_gb_content_width":"","footnotes":""},"class_list":["post-2468","page","type-page","status-publish","hentry"],"_links":{"self":[{"href":"https:\/\/www.bodegaeduardopenha.es\/nw\/wp-json\/wp\/v2\/pages\/2468","targetHints":{"allow":["GET"]}}],"collection":[{"href":"https:\/\/www.bodegaeduardopenha.es\/nw\/wp-json\/wp\/v2\/pages"}],"about":[{"href":"https:\/\/www.bodegaeduardopenha.es\/nw\/wp-json\/wp\/v2\/types\/page"}],"author":[{"embeddable":true,"href":"https:\/\/www.bodegaeduardopenha.es\/nw\/wp-json\/wp\/v2\/users\/1"}],"replies":[{"embeddable":true,"href":"https:\/\/www.bodegaeduardopenha.es\/nw\/wp-json\/wp\/v2\/comments?post=2468"}],"version-history":[{"count":0,"href":"https:\/\/www.bodegaeduardopenha.es\/nw\/wp-json\/wp\/v2\/pages\/2468\/revisions"}],"wp:attachment":[{"href":"https:\/\/www.bodegaeduardopenha.es\/nw\/wp-json\/wp\/v2\/media?parent=2468"}],"curies":[{"name":"wp","href":"https:\/\/api.w.org\/{rel}","templated":true}]}}