{"id":2953,"date":"2021-04-21T10:11:33","date_gmt":"2021-04-21T08:11:33","guid":{"rendered":"https:\/\/www.bodegaeduardopenha.es\/nw\/?page_id=2953"},"modified":"2021-12-13T16:38:04","modified_gmt":"2021-12-13T15:38:04","slug":"eduardo-pena","status":"publish","type":"page","link":"https:\/\/www.bodegaeduardopenha.es\/nw\/eduardo-pena\/","title":{"rendered":"EDUARDO PE\u00d1A"},"content":{"rendered":"<p>[et_pb_section fb_built=\u00bb1&#8243; _builder_version=\u00bb3.22&#8243; background_color=\u00bb#6b6464&#8243; background_image=\u00bbhttps:\/\/www.bodegaeduardopenha.es\/nw\/wp-content\/uploads\/2021\/04\/MG_1274-scaled.jpg\u00bb background_blend=\u00bboverlay\u00bb custom_margin_tablet=\u00bb\u00bb custom_margin_phone=\u00bb||-39px\u00bb custom_margin_last_edited=\u00bbon|phone\u00bb custom_padding=\u00bb54px|0px|121px|0px|false|false\u00bb global_colors_info=\u00bb{}\u00bb][et_pb_row _builder_version=\u00bb3.25&#8243; module_alignment=\u00bbleft\u00bb custom_margin=\u00bb|||117px\u00bb custom_margin_tablet=\u00bb||-90px|38px\u00bb custom_margin_phone=\u00bb||-70px|38px\u00bb custom_margin_last_edited=\u00bbon|phone\u00bb global_colors_info=\u00bb{}\u00bb][et_pb_column type=\u00bb4_4&#8243; _builder_version=\u00bb3.25&#8243; custom_padding=\u00bb|||\u00bb global_colors_info=\u00bb{}\u00bb custom_padding__hover=\u00bb|||\u00bb][et_pb_text _builder_version=\u00bb3.27.4&#8243; text_font=\u00bbRoboto|300|||||||\u00bb text_text_color=\u00bb#ffffff\u00bb header_font=\u00bbRoboto||||||||\u00bb header_text_color=\u00bb#ffffff\u00bb header_font_size=\u00bb90px\u00bb header_font_size_tablet=\u00bb\u00bb header_font_size_phone=\u00bb65px\u00bb header_font_size_last_edited=\u00bbon|phone\u00bb inline_fonts=\u00bbRoboto\u00bb global_colors_info=\u00bb{}\u00bb]<\/p>\n<h1 style=\"text-align: left;\"><strong><span style=\"color: #ffffff;\"><img decoding=\"async\" src=\"https:\/\/www.bodegaeduardopenha.es\/nw\/wp-content\/uploads\/2021\/04\/linea_blanca.png\" alt=\"\" class=\"wp-image-536 alignnone size-full\" width=\"39\" height=\"7\" \/><\/span><\/strong><\/h1>\n<h1 style=\"text-align: left;\">EL VINO<\/h1>\n<p>[\/et_pb_text][et_pb_text _builder_version=\u00bb3.27.4&#8243; text_font=\u00bbRoboto|300|||||||\u00bb text_text_color=\u00bb#ffffff\u00bb text_font_size=\u00bb40px\u00bb header_font=\u00bbRoboto|300|||||||\u00bb header_text_color=\u00bb#ffffff\u00bb header_font_size=\u00bb70px\u00bb max_width_tablet=\u00bb\u00bb max_width_phone=\u00bb95%\u00bb max_width_last_edited=\u00bbon|phone\u00bb module_alignment=\u00bbcenter\u00bb header_font_size_tablet=\u00bb\u00bb header_font_size_phone=\u00bb35px\u00bb header_font_size_last_edited=\u00bbon|phone\u00bb inline_fonts=\u00bbTimes New Roman,Roboto\u00bb global_colors_info=\u00bb{}\u00bb]<\/p>\n<h1 style=\"text-align: left;\"><span style=\"font-family: Roboto; color: #f9f9f9;\"><span style=\"font-weight: normal;\">EDUARDO PE\u00d1A<\/span><\/span><\/h1>\n<p>&nbsp;<\/p>\n<p>[\/et_pb_text][\/et_pb_column][\/et_pb_row][\/et_pb_section][et_pb_section fb_built=\u00bb1&#8243; _builder_version=\u00bb3.22&#8243; custom_padding=\u00bb2px|0px|54px|0px|false|false\u00bb global_colors_info=\u00bb{}\u00bb][et_pb_row _builder_version=\u00bb3.25&#8243; max_width=\u00bb1393px\u00bb module_alignment=\u00bbcenter\u00bb use_custom_width=\u00bbon\u00bb custom_width_px=\u00bb1393px\u00bb global_colors_info=\u00bb{}\u00bb column_structure=\u00bb1_2,1_2&#8243;][et_pb_column type=\u00bb1_2&#8243; _builder_version=\u00bb3.25&#8243; custom_padding=\u00bb|||\u00bb global_colors_info=\u00bb{}\u00bb custom_padding__hover=\u00bb|||\u00bb][et_pb_image src=\u00bbhttps:\/\/www.bodegaeduardopenha.es\/nw\/wp-content\/uploads\/2021\/04\/eduardopena2.jpg\u00bb align=\u00bbcenter\u00bb align_tablet=\u00bbcenter\u00bb align_last_edited=\u00bbon|desktop\u00bb _builder_version=\u00bb3.23&#8243; global_colors_info=\u00bb{}\u00bb][\/et_pb_image][\/et_pb_column][et_pb_column type=\u00bb1_2&#8243; _builder_version=\u00bb3.25&#8243; custom_padding=\u00bb|||\u00bb global_colors_info=\u00bb{}\u00bb custom_padding__hover=\u00bb|||\u00bb][et_pb_text _builder_version=\u00bb3.27.4&#8243; text_font=\u00bbRoboto|300|||||||\u00bb text_text_color=\u00bb#000000&#8243; text_font_size=\u00bb20px\u00bb header_font=\u00bbRoboto||||||||\u00bb background_layout=\u00bbdark\u00bb global_colors_info=\u00bb{}\u00bb]<\/p>\n<p>Elaborado mediante la maceraci\u00f3n de las variedades de Treixadura, Albari\u00f1o, Godello, Lado y Loureira; trabajo sobre l\u00edas y suave coupage con fermentaci\u00f3n en barrica de 300 litros de robles europeos de grano medio y tostados muy suaves.<\/p>\n<p>Color amarillo p\u00e1lido con reflejos dorados. Complejidad, intensidad y calidad de aromas primarios, sutil, elegante y muy intenso a la vez; c\u00edtricos de lim\u00f3n, laurel y azahar; tropical de pi\u00f1a y mango; fruta de pelo de melocot\u00f3n y albaricoque, se funden con suaves notas bals\u00e1micas de ligeros ahumados, vainillas y otros minerales.<\/p>\n<p>Boca grasa, lleno, untuoso y glic\u00e9rico, de buena estructura, sabroso y ligeramente amargo: bien equilibrado, buena acidez y muy largo.<\/p>\n<p><i class=\"fas fa-angle-double-right\" aria-hidden=\"true\">\u00a0 <\/i>% vol: 13 a 13,5<\/p>\n<p><i class=\"fas fa-angle-double-right\" aria-hidden=\"true\">\u00a0<\/i>A. Total: 6,2 gr\/l expresada en Tart.<\/p>\n<p><i class=\"fas fa-angle-double-right\" aria-hidden=\"true\">\u00a0<\/i>No realiza fermentaci\u00f3n malol\u00e1ctica<\/p>\n<p><i class=\"fas fa-angle-double-right\" aria-hidden=\"true\">\u00a0<\/i>Perfil Arom\u00e1tico: Terp\u00e9nico y Ti\u00f3lico<\/p>\n<p><i class=\"fas fa-angle-double-right\" aria-hidden=\"true\">\u00a0<\/i>Presentaci\u00f3n: bot. borgo\u00f1a 750 ml. Caja de 6 uds. tumbadas.<\/p>\n<p>[\/et_pb_text][\/et_pb_column][\/et_pb_row][\/et_pb_section][et_pb_section fb_built=\u00bb1&#8243; _builder_version=\u00bb4.10.6&#8243; background_color=\u00bbrgba(175,175,175,0)\u00bb background_image=\u00bbhttps:\/\/www.bodegaeduardopenha.es\/nw\/wp-content\/uploads\/2021\/03\/foto23.jpg\u00bb background_blend=\u00bboverlay\u00bb hover_enabled=\u00bb0&#8243; global_colors_info=\u00bb{}\u00bb sticky_enabled=\u00bb0&#8243;][et_pb_row _builder_version=\u00bb3.25&#8243; background_size=\u00bbinitial\u00bb background_position=\u00bbtop_left\u00bb background_repeat=\u00bbrepeat\u00bb global_colors_info=\u00bb{}\u00bb][et_pb_column type=\u00bb4_4&#8243; _builder_version=\u00bb3.25&#8243; custom_padding=\u00bb|||\u00bb global_colors_info=\u00bb{}\u00bb custom_padding__hover=\u00bb|||\u00bb][et_pb_text _builder_version=\u00bb3.27.4&#8243; text_font=\u00bbRoboto||||||||\u00bb text_text_color=\u00bb#ffffff\u00bb text_line_height=\u00bb1.6em\u00bb background_layout=\u00bbdark\u00bb text_font_size_tablet=\u00bb\u00bb text_font_size_phone=\u00bb10px\u00bb text_font_size_last_edited=\u00bbon|phone\u00bb global_colors_info=\u00bb{}\u00bb]<\/p>\n<p style=\"text-align: center;\"><span style=\"color: #ffffff;\"><strong><a style=\"color: #ffffff;\" href=\"https:\/\/www.bodegaeduardopenha.es\/nw\/\">INICIO<\/a>\u00a0\u00a0\u00a0\u00a0 <a style=\"color: #ffffff;\" href=\"https:\/\/www.bodegaeduardopenha.es\/nw\/la-bodega?page_id=2169\">\u00a0LA BODEGA<\/a>\u00a0\u00a0\u00a0\u00a0 <a style=\"color: #ffffff;\" href=\"https:\/\/www.bodegaeduardopenha.es\/nw\/el-vino\/?page_id=2159\">\u00a0EL VINO<\/a> <a style=\"color: #ffffff;\" href=\"https:\/\/www.bodegaeduardopenha.es\/nw\/premios\/?page_id=2471\">\u00a0\u00a0\u00a0\u00a0 PREMIOS<\/a>\u00a0\u00a0\u00a0\u00a0\u00a0 <a style=\"color: #ffffff;\" href=\"https:\/\/www.bodegaeduardopenha.es\/nw\/actualidad\/?page_id=2494\">ACTUALIDAD<\/a><\/strong><\/span><\/p>\n<p>[\/et_pb_text][\/et_pb_column][\/et_pb_row][et_pb_row _builder_version=\u00bb3.25&#8243; global_colors_info=\u00bb{}\u00bb][et_pb_column type=\u00bb4_4&#8243; _builder_version=\u00bb3.25&#8243; custom_padding=\u00bb|||\u00bb global_colors_info=\u00bb{}\u00bb custom_padding__hover=\u00bb|||\u00bb][et_pb_social_media_follow _builder_version=\u00bb3.19.11&#8243; text_orientation=\u00bbcenter\u00bb global_colors_info=\u00bb{}\u00bb][et_pb_social_media_follow_network social_network=\u00bbfacebook\u00bb url=\u00bbhttps:\/\/www.facebook.com\/pages\/Bodega-Eduardo-Pe%C3%B1a\/288417435162466?fref=mentions\u00bb _builder_version=\u00bb3.19.11&#8243; global_colors_info=\u00bb{}\u00bb follow_button=\u00bboff\u00bb url_new_window=\u00bbon\u00bb]facebook<br \/>\n[\/et_pb_social_media_follow_network][et_pb_social_media_follow_network social_network=\u00bbinstagram\u00bb url=\u00bbhttps:\/\/www.instagram.com\/bodegaeduardopenha\/\u00bb _builder_version=\u00bb3.19.11&#8243; global_colors_info=\u00bb{}\u00bb follow_button=\u00bboff\u00bb url_new_window=\u00bbon\u00bb]instagram<br \/>\n[\/et_pb_social_media_follow_network][\/et_pb_social_media_follow][et_pb_text _builder_version=\u00bb3.27.4&#8243; text_font=\u00bbRoboto||||||||\u00bb text_line_height=\u00bb1.6em\u00bb header_font=\u00bb||||||||\u00bb background_layout=\u00bbdark\u00bb text_font_size_tablet=\u00bb\u00bb text_font_size_phone=\u00bb10px\u00bb text_font_size_last_edited=\u00bbon|phone\u00bb global_colors_info=\u00bb{}\u00bb]<\/p>\n<p style=\"text-align: center;\"><span style=\"color: #ffffff;\"><strong><a style=\"color: #ffffff;\" href=\"https:\/\/www.bodegaeduardopenha.es\/nw\/aviso-legal\/\">Aviso legal<\/a><\/strong><\/span><\/p>\n<p>[\/et_pb_text][\/et_pb_column][\/et_pb_row][\/et_pb_section]<\/p>\n","protected":false},"excerpt":{"rendered":"<p>EL VINOEDUARDO PE\u00d1A &nbsp;Elaborado mediante la maceraci\u00f3n de las variedades de Treixadura, Albari\u00f1o, Godello, Lado y Loureira; trabajo sobre l\u00edas y suave coupage con fermentaci\u00f3n en barrica de 300 litros de robles europeos de grano medio y tostados muy suaves. Color amarillo p\u00e1lido con reflejos dorados. Complejidad, intensidad y calidad de aromas primarios, sutil, elegante [&hellip;]<\/p>\n","protected":false},"author":1,"featured_media":0,"parent":0,"menu_order":0,"comment_status":"closed","ping_status":"closed","template":"","meta":{"_et_pb_use_builder":"on","_et_pb_old_content":"","_et_gb_content_width":"","footnotes":""},"class_list":["post-2953","page","type-page","status-publish","hentry"],"_links":{"self":[{"href":"https:\/\/www.bodegaeduardopenha.es\/nw\/wp-json\/wp\/v2\/pages\/2953","targetHints":{"allow":["GET"]}}],"collection":[{"href":"https:\/\/www.bodegaeduardopenha.es\/nw\/wp-json\/wp\/v2\/pages"}],"about":[{"href":"https:\/\/www.bodegaeduardopenha.es\/nw\/wp-json\/wp\/v2\/types\/page"}],"author":[{"embeddable":true,"href":"https:\/\/www.bodegaeduardopenha.es\/nw\/wp-json\/wp\/v2\/users\/1"}],"replies":[{"embeddable":true,"href":"https:\/\/www.bodegaeduardopenha.es\/nw\/wp-json\/wp\/v2\/comments?post=2953"}],"version-history":[{"count":1,"href":"https:\/\/www.bodegaeduardopenha.es\/nw\/wp-json\/wp\/v2\/pages\/2953\/revisions"}],"predecessor-version":[{"id":4418,"href":"https:\/\/www.bodegaeduardopenha.es\/nw\/wp-json\/wp\/v2\/pages\/2953\/revisions\/4418"}],"wp:attachment":[{"href":"https:\/\/www.bodegaeduardopenha.es\/nw\/wp-json\/wp\/v2\/media?parent=2953"}],"curies":[{"name":"wp","href":"https:\/\/api.w.org\/{rel}","templated":true}]}}