{"id":3129,"date":"2021-04-22T13:03:06","date_gmt":"2021-04-22T11:03:06","guid":{"rendered":"https:\/\/www.bodegaeduardopenha.es\/nw\/?page_id=3129"},"modified":"2021-12-13T16:41:27","modified_gmt":"2021-12-13T15:41:27","slug":"eduardo-pena-la-vista","status":"publish","type":"page","link":"https:\/\/www.bodegaeduardopenha.es\/nw\/eduardo-pena-la-vista\/","title":{"rendered":"EDUARDO PE\u00d1A &#8211; LA VISTA"},"content":{"rendered":"<p>[et_pb_section fb_built=\u00bb1&#8243; _builder_version=\u00bb3.22&#8243; background_color=\u00bb#b79a18&#8243; background_image=\u00bbhttps:\/\/www.bodegaeduardopenha.es\/nw\/wp-content\/uploads\/2021\/04\/MG_1281-scaled.jpg\u00bb parallax=\u00bbon\u00bb custom_margin=\u00bb||-33px\u00bb custom_margin_tablet=\u00bb\u00bb custom_margin_phone=\u00bb||-40px\u00bb custom_margin_last_edited=\u00bbon|phone\u00bb custom_padding=\u00bb54px|0px|120px|0px|false|false\u00bb global_colors_info=\u00bb{}\u00bb][et_pb_row module_class=\u00bb et_pb_row_fullwidth\u00bb _builder_version=\u00bb3.25&#8243; width=\u00bb89%\u00bb width_tablet=\u00bb80%\u00bb width_phone=\u00bb\u00bb width_last_edited=\u00bbon|desktop\u00bb max_width=\u00bb89%\u00bb max_width_tablet=\u00bb80%\u00bb max_width_phone=\u00bb\u00bb max_width_last_edited=\u00bbon|desktop\u00bb module_alignment=\u00bbcenter\u00bb custom_margin_tablet=\u00bb\u00bb custom_margin_phone=\u00bb||-70px|38px\u00bb custom_margin_last_edited=\u00bbon|phone\u00bb make_fullwidth=\u00bbon\u00bb global_colors_info=\u00bb{}\u00bb][et_pb_column type=\u00bb4_4&#8243; _builder_version=\u00bb3.25&#8243; custom_padding=\u00bb|||\u00bb global_colors_info=\u00bb{}\u00bb custom_padding__hover=\u00bb|||\u00bb][et_pb_text _builder_version=\u00bb3.27.4&#8243; text_font=\u00bbRoboto||||||||\u00bb text_text_color=\u00bb#ffffff\u00bb header_font=\u00bbRoboto||||||||\u00bb header_text_color=\u00bb#ffffff\u00bb header_font_size=\u00bb90px\u00bb custom_margin_tablet=\u00bb\u00bb custom_margin_phone=\u00bb30px||\u00bb custom_margin_last_edited=\u00bbon|phone\u00bb header_font_size_tablet=\u00bb\u00bb header_font_size_phone=\u00bb70px\u00bb header_font_size_last_edited=\u00bbon|phone\u00bb global_colors_info=\u00bb{}\u00bb]<\/p>\n<h1 style=\"text-align: left;\"><strong><span style=\"color: #ffffff;\"><img decoding=\"async\" src=\"https:\/\/www.bodegaeduardopenha.es\/nw\/wp-content\/uploads\/2021\/04\/linea_blanca.png\" alt=\"\" class=\"wp-image-536 alignnone size-full\" width=\"39\" height=\"7\" \/><\/span><\/strong><\/h1>\n<h1 style=\"text-align: left;\">EL VINO<\/h1>\n<p>[\/et_pb_text][et_pb_text _builder_version=\u00bb3.27.4&#8243; text_font=\u00bbRoboto||||||||\u00bb text_font_size=\u00bb30px\u00bb header_font=\u00bbRoboto|300|||||||\u00bb header_text_color=\u00bb#c55f0d\u00bb header_font_size=\u00bb70px\u00bb header_font_size_tablet=\u00bb30px\u00bb header_font_size_phone=\u00bb25px\u00bb header_font_size_last_edited=\u00bbon|phone\u00bb inline_fonts=\u00bbRoboto\u00bb global_colors_info=\u00bb{}\u00bb]<\/p>\n<h1 style=\"text-align: left;\"><span style=\"font-weight: normal; font-family: Roboto;\">EDUARDO PE\u00d1A <span style=\"color: #2d2d2d;\">LA VISTA<\/span><\/span><\/h1>\n<p>&nbsp;<\/p>\n<p>[\/et_pb_text][\/et_pb_column][\/et_pb_row][\/et_pb_section][et_pb_section fb_built=\u00bb1&#8243; _builder_version=\u00bb3.22&#8243; global_colors_info=\u00bb{}\u00bb][et_pb_row column_structure=\u00bb1_2,1_2&#8243; module_class=\u00bb et_pb_row_fullwidth\u00bb _builder_version=\u00bb3.25&#8243; width=\u00bb89%\u00bb width_tablet=\u00bb80%\u00bb width_phone=\u00bb\u00bb width_last_edited=\u00bbon|desktop\u00bb max_width=\u00bb89%\u00bb max_width_tablet=\u00bb80%\u00bb max_width_phone=\u00bb\u00bb max_width_last_edited=\u00bbon|desktop\u00bb module_alignment=\u00bbcenter\u00bb make_fullwidth=\u00bbon\u00bb custom_width_px=\u00bb1393px\u00bb global_colors_info=\u00bb{}\u00bb][et_pb_column type=\u00bb1_2&#8243; _builder_version=\u00bb3.25&#8243; custom_padding=\u00bb|||\u00bb global_colors_info=\u00bb{}\u00bb custom_padding__hover=\u00bb|||\u00bb][et_pb_image src=\u00bbhttps:\/\/www.bodegaeduardopenha.es\/nw\/wp-content\/uploads\/2021\/04\/foto_botella_vista-500&#215;140-1.jpg\u00bb align=\u00bbcenter\u00bb align_tablet=\u00bbcenter\u00bb align_phone=\u00bb\u00bb align_last_edited=\u00bbon|desktop\u00bb _builder_version=\u00bb3.23&#8243; global_colors_info=\u00bb{}\u00bb][\/et_pb_image][\/et_pb_column][et_pb_column type=\u00bb1_2&#8243; _builder_version=\u00bb3.25&#8243; custom_padding=\u00bb|||\u00bb global_colors_info=\u00bb{}\u00bb custom_padding__hover=\u00bb|||\u00bb][et_pb_text _builder_version=\u00bb3.27.4&#8243; text_font=\u00bbRoboto|300|||||||\u00bb text_text_color=\u00bb#000000&#8243; text_font_size=\u00bb20px\u00bb header_font=\u00bbRoboto||||||||\u00bb global_colors_info=\u00bb{}\u00bb]<\/p>\n<p>Denominaci\u00f3n de Origen Ribeiro<br \/> Variedades : Albari\u00f1o y Treixadura<br \/> Cosecha 2018.<\/p>\n<p>Tras una rigurosa y delicada selecci\u00f3n de los mejores racimos en cuanto a madurez y estado sanitario, se procede a su despalillado y una maceraci\u00f3n de la piel, pulpa y mosto para extraer todo el potencial arom\u00e1tico y estructural de estas variedades; esta maceraci\u00f3n se realiza en dep\u00f3sito y la pasta se enfr\u00eda con nieve carb\u00f3nica a una temperatura de 10\u00baC. durante 4 horas.<\/p>\n<p>Despu\u00e9s de su desfangado sin bajar de los 180 NTU, los mostos fermentan por separado en dep\u00f3sitos de A.Inox. a 17\u00baC.<\/p>\n<p>Permanencia de 5 meses en barricas de Roble (duelas de R.Frances y Tapas de Hungaro) de 300 litros de capacidad, en donde se someten a un peri\u00f3dico y delicado movimiento ende l\u00edas.<\/p>\n<p><i class=\"fas fa-angle-double-right\" aria-hidden=\"true\">\u00a0<\/i>Acidez Total: 6,4 gr\/l en Th.<\/p>\n<p><i class=\"fas fa-angle-double-right\" aria-hidden=\"true\">\u00a0<\/i>%Vol: 13,4<\/p>\n<p><i class=\"fas fa-angle-double-right\" aria-hidden=\"true\"><\/i> M.Reductoras: 2.3 gr\/l<\/p>\n<p>Color amarillo verdoso, limpio, transparente y brillante, l\u00e1grima abundante.<\/p>\n<p>Nariz de intensidad alta, c\u00edtricos, florales, de azahar, mandarina, fruta de pelo,<br \/> Melocot\u00f3n, Mango, bien emsambladas con notas bals\u00e1micas y de panader\u00eda.<br \/> Boca de buena estructura, denso, untuoso, glic\u00e9rico y a la vez muy fresco por una acidez bien marcada, muy afrutado y muy largo.<\/p>\n<p>Presentaci\u00f3n: Cajas de 6 botella de 75 cl.<\/p>\n<p>[\/et_pb_text][\/et_pb_column][\/et_pb_row][\/et_pb_section][et_pb_section fb_built=\u00bb1&#8243; _builder_version=\u00bb4.10.6&#8243; background_color=\u00bbrgba(175,175,175,0)\u00bb background_image=\u00bbhttps:\/\/www.bodegaeduardopenha.es\/nw\/wp-content\/uploads\/2021\/03\/foto23.jpg\u00bb background_blend=\u00bboverlay\u00bb hover_enabled=\u00bb0&#8243; global_colors_info=\u00bb{}\u00bb sticky_enabled=\u00bb0&#8243;][et_pb_row _builder_version=\u00bb3.25&#8243; background_size=\u00bbinitial\u00bb background_position=\u00bbtop_left\u00bb background_repeat=\u00bbrepeat\u00bb global_colors_info=\u00bb{}\u00bb][et_pb_column type=\u00bb4_4&#8243; _builder_version=\u00bb3.25&#8243; custom_padding=\u00bb|||\u00bb global_colors_info=\u00bb{}\u00bb custom_padding__hover=\u00bb|||\u00bb][et_pb_text _builder_version=\u00bb3.27.4&#8243; text_font=\u00bbRoboto||||||||\u00bb text_text_color=\u00bb#ffffff\u00bb text_line_height=\u00bb1.6em\u00bb background_layout=\u00bbdark\u00bb text_font_size_tablet=\u00bb\u00bb text_font_size_phone=\u00bb10px\u00bb text_font_size_last_edited=\u00bbon|phone\u00bb global_colors_info=\u00bb{}\u00bb]<\/p>\n<p style=\"text-align: center;\"><span style=\"color: #ffffff;\"><strong><a style=\"color: #ffffff;\" href=\"https:\/\/www.bodegaeduardopenha.es\/nw\/\">INICIO<\/a>\u00a0\u00a0\u00a0\u00a0\u00a0 <a style=\"color: #ffffff;\" href=\"https:\/\/www.bodegaeduardopenha.es\/nw\/la-bodega?page_id=2169\">LA BODEGA<\/a> \u00a0 \u00a0\u00a0 <a style=\"color: #ffffff;\" href=\"https:\/\/www.bodegaeduardopenha.es\/nw\/el-vino\/?page_id=2159\">EL VINO\u00a0\u00a0\u00a0\u00a0\u00a0<\/a> <a style=\"color: #ffffff;\" href=\"https:\/\/www.bodegaeduardopenha.es\/nw\/premios\/?page_id=2471\">PREMIOS<\/a>\u00a0\u00a0\u00a0\u00a0\u00a0 <a style=\"color: #ffffff;\" href=\"https:\/\/www.bodegaeduardopenha.es\/nw\/actualidad\/?page_id=2494\">ACTUALIDAD<\/a><\/strong><\/span><\/p>\n<p>[\/et_pb_text][\/et_pb_column][\/et_pb_row][et_pb_row _builder_version=\u00bb3.25&#8243; global_colors_info=\u00bb{}\u00bb][et_pb_column type=\u00bb4_4&#8243; _builder_version=\u00bb3.25&#8243; custom_padding=\u00bb|||\u00bb global_colors_info=\u00bb{}\u00bb custom_padding__hover=\u00bb|||\u00bb][et_pb_social_media_follow _builder_version=\u00bb3.19.11&#8243; text_orientation=\u00bbcenter\u00bb global_colors_info=\u00bb{}\u00bb][et_pb_social_media_follow_network social_network=\u00bbfacebook\u00bb url=\u00bbhttps:\/\/www.facebook.com\/pages\/Bodega-Eduardo-Pe%C3%B1a\/288417435162466?fref=mentions\u00bb _builder_version=\u00bb3.19.11&#8243; global_colors_info=\u00bb{}\u00bb follow_button=\u00bboff\u00bb url_new_window=\u00bbon\u00bb]facebook<br \/>\n[\/et_pb_social_media_follow_network][et_pb_social_media_follow_network social_network=\u00bbinstagram\u00bb url=\u00bbhttps:\/\/www.instagram.com\/bodegaeduardopenha\/\u00bb _builder_version=\u00bb3.19.11&#8243; global_colors_info=\u00bb{}\u00bb follow_button=\u00bboff\u00bb url_new_window=\u00bbon\u00bb]instagram<br \/>\n[\/et_pb_social_media_follow_network][\/et_pb_social_media_follow][et_pb_text _builder_version=\u00bb3.27.4&#8243; text_font=\u00bbRoboto||||||||\u00bb text_line_height=\u00bb1.6em\u00bb header_font=\u00bb||||||||\u00bb background_layout=\u00bbdark\u00bb text_font_size_tablet=\u00bb\u00bb text_font_size_phone=\u00bb10px\u00bb text_font_size_last_edited=\u00bbon|phone\u00bb global_colors_info=\u00bb{}\u00bb]<\/p>\n<p style=\"text-align: center;\"><span style=\"color: #ffffff;\"><strong><a style=\"color: #ffffff;\" href=\"https:\/\/www.bodegaeduardopenha.es\/nw\/aviso-legal\/\">Aviso legal<\/a><\/strong><\/span><\/p>\n<p>[\/et_pb_text][\/et_pb_column][\/et_pb_row][\/et_pb_section]<\/p>\n","protected":false},"excerpt":{"rendered":"<p>EL VINOEDUARDO PE\u00d1A LA VISTA &nbsp;Denominaci\u00f3n de Origen Ribeiro Variedades : Albari\u00f1o y Treixadura Cosecha 2018. Tras una rigurosa y delicada selecci\u00f3n de los mejores racimos en cuanto a madurez y estado sanitario, se procede a su despalillado y una maceraci\u00f3n de la piel, pulpa y mosto para extraer todo el potencial arom\u00e1tico y estructural [&hellip;]<\/p>\n","protected":false},"author":1,"featured_media":0,"parent":0,"menu_order":0,"comment_status":"closed","ping_status":"closed","template":"","meta":{"_et_pb_use_builder":"on","_et_pb_old_content":"","_et_gb_content_width":"","footnotes":""},"class_list":["post-3129","page","type-page","status-publish","hentry"],"_links":{"self":[{"href":"https:\/\/www.bodegaeduardopenha.es\/nw\/wp-json\/wp\/v2\/pages\/3129","targetHints":{"allow":["GET"]}}],"collection":[{"href":"https:\/\/www.bodegaeduardopenha.es\/nw\/wp-json\/wp\/v2\/pages"}],"about":[{"href":"https:\/\/www.bodegaeduardopenha.es\/nw\/wp-json\/wp\/v2\/types\/page"}],"author":[{"embeddable":true,"href":"https:\/\/www.bodegaeduardopenha.es\/nw\/wp-json\/wp\/v2\/users\/1"}],"replies":[{"embeddable":true,"href":"https:\/\/www.bodegaeduardopenha.es\/nw\/wp-json\/wp\/v2\/comments?post=3129"}],"version-history":[{"count":0,"href":"https:\/\/www.bodegaeduardopenha.es\/nw\/wp-json\/wp\/v2\/pages\/3129\/revisions"}],"wp:attachment":[{"href":"https:\/\/www.bodegaeduardopenha.es\/nw\/wp-json\/wp\/v2\/media?parent=3129"}],"curies":[{"name":"wp","href":"https:\/\/api.w.org\/{rel}","templated":true}]}}